{"id":18630,"date":"2025-10-09T07:44:45","date_gmt":"2025-10-09T07:44:45","guid":{"rendered":"https:\/\/bajorumesa.lt\/?post_type=product&#038;p=18630"},"modified":"2025-10-09T07:45:31","modified_gmt":"2025-10-09T07:45:31","slug":"sudyti-kaimiski-lasiniai-1-kg","status":"publish","type":"product","link":"https:\/\/bajorumesa.lt\/en\/product\/sudyti-kaimiski-lasiniai-1-kg\/","title":{"rendered":"S\u016bdyti kaimi\u0161ki la\u0161iniai  1 kg"},"content":{"rendered":"<p><strong>Auk\u0161\u010diausia r\u016b\u0161is<\/strong><\/p>\n<p>&nbsp;<\/p>\n<p>Sudedamosios dalys: kiaulienos la\u0161iniai 94 %, maistin\u0117 druska, juodieji pipirai, \u010desnako granul\u0117s,<\/p>\n<p>Maistingumo deklaracija 100 g: Energin\u0117 vert\u0117 2439 kJ\/ 592 kcal, Riebalai 63 g, i\u0161 kuri\u0173 so\u010di\u0173j\u0173 riebal\u0173 r\u016bg\u0161\u010di\u0173 18 g, Angliavandeniai 0,3 g, i\u0161 kuri\u0173 cukr\u0173 0 g, Baltymai 6,5\u00a0 g, Druska 5 g.<\/p>\n<p>Laikymo s\u0105lygos:(0+6)\u00b0C<\/p>","protected":false},"excerpt":{"rendered":"<p>Kiaulienos \u0161onin\u0117 susiliejanti su kiaulienos nugarine ir paskaninta atrinktais prieskoniais<\/p>","protected":false},"featured_media":18183,"comment_status":"closed","ping_status":"closed","template":"","meta":[],"product_brand":[],"product_cat":[184],"product_tag":[],"class_list":{"0":"post-18630","1":"product","2":"type-product","3":"status-publish","4":"has-post-thumbnail","6":"product_cat-sudyta","8":"first","9":"instock","10":"shipping-taxable","11":"purchasable","12":"product-type-simple"},"_links":{"self":[{"href":"https:\/\/bajorumesa.lt\/en\/wp-json\/wp\/v2\/product\/18630","targetHints":{"allow":["GET"]}}],"collection":[{"href":"https:\/\/bajorumesa.lt\/en\/wp-json\/wp\/v2\/product"}],"about":[{"href":"https:\/\/bajorumesa.lt\/en\/wp-json\/wp\/v2\/types\/product"}],"replies":[{"embeddable":true,"href":"https:\/\/bajorumesa.lt\/en\/wp-json\/wp\/v2\/comments?post=18630"}],"wp:featuredmedia":[{"embeddable":true,"href":"https:\/\/bajorumesa.lt\/en\/wp-json\/wp\/v2\/media\/18183"}],"wp:attachment":[{"href":"https:\/\/bajorumesa.lt\/en\/wp-json\/wp\/v2\/media?parent=18630"}],"wp:term":[{"taxonomy":"product_brand","embeddable":true,"href":"https:\/\/bajorumesa.lt\/en\/wp-json\/wp\/v2\/product_brand?post=18630"},{"taxonomy":"product_cat","embeddable":true,"href":"https:\/\/bajorumesa.lt\/en\/wp-json\/wp\/v2\/product_cat?post=18630"},{"taxonomy":"product_tag","embeddable":true,"href":"https:\/\/bajorumesa.lt\/en\/wp-json\/wp\/v2\/product_tag?post=18630"}],"curies":[{"name":"wp","href":"https:\/\/api.w.org\/{rel}","templated":true}]}}