{"id":18627,"date":"2025-10-09T07:41:31","date_gmt":"2025-10-09T07:41:31","guid":{"rendered":"https:\/\/bajorumesa.lt\/?post_type=product&#038;p=18627"},"modified":"2025-10-09T07:42:24","modified_gmt":"2025-10-09T07:42:24","slug":"sudyta-sonine-1-kg","status":"publish","type":"product","link":"https:\/\/bajorumesa.lt\/en\/product\/sudyta-sonine-1-kg\/","title":{"rendered":"S\u016bdyta \u0161onin\u0117 1 kg"},"content":{"rendered":"<p><strong>Auk\u0161\u010diausia r\u016b\u0161is<\/strong><\/p>\n<p>&nbsp;<\/p>\n<p>Sudedamosios dalys: kiaulienos \u0161onin\u0117 96 %, maistin\u0117 druska, konservantas, juodieji pipirai, kvapieji pipirai, aitrieji pipirai, kalendra, \u00a0nitritin\u0117 druska.<\/p>\n<p>Maistingumo deklaracija 100 g: Energin\u0117 vert\u0117 2216 kJ\/ 538 kcal, Riebalai 56 g, i\u0161 kuri\u0173 so\u010di\u0173j\u0173 riebal\u0173 r\u016bg\u0161\u010di\u0173 16,3 g, Angliavandeniai 0,3 g, i\u0161 kuri\u0173 cukr\u0173 0 g, Baltymai 8,4\u00a0 g, Druska 3,1 g.<\/p>\n<p>Laikymo s\u0105lygos:(0+6)\u00b0C Grynas kiekis: 24.64kg<\/p>","protected":false},"excerpt":{"rendered":"<p>Kiaulienos \u0161onin\u0117 susiliejanti su kiaulienos nugarine ir paskaninta atrinktais prieskoniais<\/p>","protected":false},"featured_media":18464,"comment_status":"closed","ping_status":"closed","template":"","meta":[],"product_brand":[],"product_cat":[184],"product_tag":[],"class_list":{"0":"post-18627","1":"product","2":"type-product","3":"status-publish","4":"has-post-thumbnail","6":"product_cat-sudyta","8":"first","9":"instock","10":"shipping-taxable","11":"purchasable","12":"product-type-simple"},"_links":{"self":[{"href":"https:\/\/bajorumesa.lt\/en\/wp-json\/wp\/v2\/product\/18627","targetHints":{"allow":["GET"]}}],"collection":[{"href":"https:\/\/bajorumesa.lt\/en\/wp-json\/wp\/v2\/product"}],"about":[{"href":"https:\/\/bajorumesa.lt\/en\/wp-json\/wp\/v2\/types\/product"}],"replies":[{"embeddable":true,"href":"https:\/\/bajorumesa.lt\/en\/wp-json\/wp\/v2\/comments?post=18627"}],"wp:featuredmedia":[{"embeddable":true,"href":"https:\/\/bajorumesa.lt\/en\/wp-json\/wp\/v2\/media\/18464"}],"wp:attachment":[{"href":"https:\/\/bajorumesa.lt\/en\/wp-json\/wp\/v2\/media?parent=18627"}],"wp:term":[{"taxonomy":"product_brand","embeddable":true,"href":"https:\/\/bajorumesa.lt\/en\/wp-json\/wp\/v2\/product_brand?post=18627"},{"taxonomy":"product_cat","embeddable":true,"href":"https:\/\/bajorumesa.lt\/en\/wp-json\/wp\/v2\/product_cat?post=18627"},{"taxonomy":"product_tag","embeddable":true,"href":"https:\/\/bajorumesa.lt\/en\/wp-json\/wp\/v2\/product_tag?post=18627"}],"curies":[{"name":"wp","href":"https:\/\/api.w.org\/{rel}","templated":true}]}}