{"id":18625,"date":"2025-10-09T07:38:50","date_gmt":"2025-10-09T07:38:50","guid":{"rendered":"https:\/\/bajorumesa.lt\/?post_type=product&#038;p=18625"},"modified":"2025-12-06T11:44:36","modified_gmt":"2025-12-06T11:44:36","slug":"karstai-rukyta-kepta-nugarine","status":"publish","type":"product","link":"https:\/\/bajorumesa.lt\/en\/product\/karstai-rukyta-kepta-nugarine\/","title":{"rendered":"Kar\u0161tai r\u016bkyta kepta nugarin\u0117"},"content":{"rendered":"<p><strong>Auk\u0161\u010diausia r\u016b\u0161is<\/strong><\/p>\n<p>Sudedamosios dalys: kiaulienos nugarin\u0117 su oda 96 %, maistin\u0117 druska, juodieji pipirai, kvapieji pipirai, d\u017eiovinti raudon\u0117liai, aitrioji paprika. Konservantas\u00a0 nitritin\u0117 druska E250<\/p>\n<p>Maistingumo deklaracija 100 g: Energin\u0117 vert\u0117 1226 kJ\/ 294 kcal, Riebalai 33,6 g, i\u0161 kuri\u0173 so\u010di\u0173j\u0173 riebal\u0173 r\u016bg\u0161\u010di\u0173 6,2 g, Angliavandeniai 0,6 g, i\u0161 kuri\u0173 cukr\u0173 0 g, Baltymai 25,4\u00a0 g, Druska 5 g.<\/p>\n<p>Laikymo s\u0105lygos:(0+6)\u00b0C<\/p>","protected":false},"excerpt":{"rendered":"<p>Kiaulienos \u0161onin\u0117 susiliejanti su kiaulienos nugarine ir paskaninta atrinktais prieskoniais<\/p>","protected":false},"featured_media":18626,"comment_status":"closed","ping_status":"closed","template":"","meta":[],"product_brand":[],"product_cat":[182],"product_tag":[],"class_list":{"0":"post-18625","1":"product","2":"type-product","3":"status-publish","4":"has-post-thumbnail","6":"product_cat-karsto-rukymo","8":"first","9":"outofstock","10":"shipping-taxable","11":"purchasable","12":"product-type-simple"},"_links":{"self":[{"href":"https:\/\/bajorumesa.lt\/en\/wp-json\/wp\/v2\/product\/18625","targetHints":{"allow":["GET"]}}],"collection":[{"href":"https:\/\/bajorumesa.lt\/en\/wp-json\/wp\/v2\/product"}],"about":[{"href":"https:\/\/bajorumesa.lt\/en\/wp-json\/wp\/v2\/types\/product"}],"replies":[{"embeddable":true,"href":"https:\/\/bajorumesa.lt\/en\/wp-json\/wp\/v2\/comments?post=18625"}],"wp:featuredmedia":[{"embeddable":true,"href":"https:\/\/bajorumesa.lt\/en\/wp-json\/wp\/v2\/media\/18626"}],"wp:attachment":[{"href":"https:\/\/bajorumesa.lt\/en\/wp-json\/wp\/v2\/media?parent=18625"}],"wp:term":[{"taxonomy":"product_brand","embeddable":true,"href":"https:\/\/bajorumesa.lt\/en\/wp-json\/wp\/v2\/product_brand?post=18625"},{"taxonomy":"product_cat","embeddable":true,"href":"https:\/\/bajorumesa.lt\/en\/wp-json\/wp\/v2\/product_cat?post=18625"},{"taxonomy":"product_tag","embeddable":true,"href":"https:\/\/bajorumesa.lt\/en\/wp-json\/wp\/v2\/product_tag?post=18625"}],"curies":[{"name":"wp","href":"https:\/\/api.w.org\/{rel}","templated":true}]}}