{"id":18617,"date":"2025-10-09T07:25:18","date_gmt":"2025-10-09T07:25:18","guid":{"rendered":"https:\/\/bajorumesa.lt\/?post_type=product&#038;p=18617"},"modified":"2025-12-15T13:45:46","modified_gmt":"2025-12-15T13:45:46","slug":"saltai-rukyta-ausys","status":"publish","type":"product","link":"https:\/\/bajorumesa.lt\/en\/product\/saltai-rukyta-ausys\/","title":{"rendered":"\u0160altai r\u016bkytos ausys 500g."},"content":{"rendered":"<p><strong>Auk\u0161\u010diausia r\u016b\u0161is<\/strong><\/p>\n<p><strong>\u00a0<\/strong><\/p>\n<p>Sudedamosios dalys: kiaulienos ausys 96 %, maistin\u0117 druska, nitritin\u0117 druska E250, juodieji pipirai, kvapieji pipirai,<\/p>\n<p>Maistingumo deklaracija 100 g: Energin\u0117 vert\u0117 1099 kJ\/ 263 kcal, Riebalai 15,8 g, i\u0161 kuri\u0173 so\u010di\u0173j\u0173 riebal\u0173 r\u016bg\u0161\u010di\u0173 5,4 g, Angliavandeniai 0,3 g, i\u0161 kuri\u0173 cukr\u0173 0 g, Baltymai 30\u00a0 g, Druska 3 g.<\/p>\n<p>&nbsp;<\/p>\n<p>Laikymo s\u0105lygos:(0+6)\u00b0C<\/p>\n<p>&nbsp;<\/p>","protected":false},"excerpt":{"rendered":"<p>Nat\u016bralaus, ilgo r\u016bkymo, su d\u016bmo skoniu ir puikia m\u0117sos strukt\u016bra. Mink\u0161ta, sultinga.<\/p>","protected":false},"featured_media":18618,"comment_status":"closed","ping_status":"closed","template":"","meta":[],"product_brand":[],"product_cat":[183],"product_tag":[],"class_list":{"0":"post-18617","1":"product","2":"type-product","3":"status-publish","4":"has-post-thumbnail","6":"product_cat-salto-rukymo","8":"first","9":"instock","10":"shipping-taxable","11":"purchasable","12":"product-type-simple"},"_links":{"self":[{"href":"https:\/\/bajorumesa.lt\/en\/wp-json\/wp\/v2\/product\/18617","targetHints":{"allow":["GET"]}}],"collection":[{"href":"https:\/\/bajorumesa.lt\/en\/wp-json\/wp\/v2\/product"}],"about":[{"href":"https:\/\/bajorumesa.lt\/en\/wp-json\/wp\/v2\/types\/product"}],"replies":[{"embeddable":true,"href":"https:\/\/bajorumesa.lt\/en\/wp-json\/wp\/v2\/comments?post=18617"}],"wp:featuredmedia":[{"embeddable":true,"href":"https:\/\/bajorumesa.lt\/en\/wp-json\/wp\/v2\/media\/18618"}],"wp:attachment":[{"href":"https:\/\/bajorumesa.lt\/en\/wp-json\/wp\/v2\/media?parent=18617"}],"wp:term":[{"taxonomy":"product_brand","embeddable":true,"href":"https:\/\/bajorumesa.lt\/en\/wp-json\/wp\/v2\/product_brand?post=18617"},{"taxonomy":"product_cat","embeddable":true,"href":"https:\/\/bajorumesa.lt\/en\/wp-json\/wp\/v2\/product_cat?post=18617"},{"taxonomy":"product_tag","embeddable":true,"href":"https:\/\/bajorumesa.lt\/en\/wp-json\/wp\/v2\/product_tag?post=18617"}],"curies":[{"name":"wp","href":"https:\/\/api.w.org\/{rel}","templated":true}]}}