{"id":18565,"date":"2025-08-14T08:02:41","date_gmt":"2025-08-14T08:02:41","guid":{"rendered":"https:\/\/bajorumesa.lt\/?post_type=product&#038;p=18565"},"modified":"2025-10-09T07:28:43","modified_gmt":"2025-10-09T07:28:43","slug":"virtas-vistienos-vyniotinis","status":"publish","type":"product","link":"https:\/\/bajorumesa.lt\/en\/product\/virtas-vistienos-vyniotinis\/","title":{"rendered":"Virtas vi\u0161tienos vyniotinis 1 kg."},"content":{"rendered":"<p><strong>Auk\u0161\u010diausia r\u016b\u0161is<\/strong><\/p>\n<p>&nbsp;<\/p>\n<p>Sudedamosios dalys: vi\u0161tienos blauzdel\u0117 b\/k 96 %, maistin\u0117 druska, nitritin\u0117 druska E250, juodieji pipirai, kvapieji pipirai, aitrieji pipirai, kalendra, juodosios slyvos, abrikosai.<\/p>\n<p><strong>\u00a0<\/strong><\/p>\n<p>Maistingumo deklaracija 100 g: Energin\u0117 vert\u0117 2967 kJ\/ 720 kcal, Riebalai 74,7 g, i\u0161 kuri\u0173 so\u010di\u0173j\u0173 riebal\u0173 r\u016bg\u0161\u010di\u0173 21,7 g, Angliavandeniai 0,5 g, i\u0161 kuri\u0173 cukr\u0173 0 g, Baltymai 11,2\u00a0 g, Druska 4,2 g.<\/p>\n<p>Laikymo s\u0105lygos:(0+6)\u00b0C<\/p>","protected":false},"excerpt":{"rendered":"<p>Auk\u0161\u010diausia r\u016b\u0161is &nbsp; Sudedamosios dalys: vi\u0161tienos blauzdel\u0117 b\/k 96 %, maistin\u0117 druska, nitritin\u0117 druska E250, juodieji pipirai, kvapieji pipirai, aitrieji pipirai, kalendra, juodosios slyvos, abrikosai. \u00a0 Maistingumo deklaracija 100 g:&hellip;<\/p>","protected":false},"featured_media":18359,"comment_status":"closed","ping_status":"closed","template":"","meta":[],"product_brand":[],"product_cat":[186],"product_tag":[],"class_list":{"0":"post-18565","1":"product","2":"type-product","3":"status-publish","4":"has-post-thumbnail","6":"product_cat-virta","8":"first","9":"instock","10":"shipping-taxable","11":"purchasable","12":"product-type-simple"},"_links":{"self":[{"href":"https:\/\/bajorumesa.lt\/en\/wp-json\/wp\/v2\/product\/18565","targetHints":{"allow":["GET"]}}],"collection":[{"href":"https:\/\/bajorumesa.lt\/en\/wp-json\/wp\/v2\/product"}],"about":[{"href":"https:\/\/bajorumesa.lt\/en\/wp-json\/wp\/v2\/types\/product"}],"replies":[{"embeddable":true,"href":"https:\/\/bajorumesa.lt\/en\/wp-json\/wp\/v2\/comments?post=18565"}],"wp:featuredmedia":[{"embeddable":true,"href":"https:\/\/bajorumesa.lt\/en\/wp-json\/wp\/v2\/media\/18359"}],"wp:attachment":[{"href":"https:\/\/bajorumesa.lt\/en\/wp-json\/wp\/v2\/media?parent=18565"}],"wp:term":[{"taxonomy":"product_brand","embeddable":true,"href":"https:\/\/bajorumesa.lt\/en\/wp-json\/wp\/v2\/product_brand?post=18565"},{"taxonomy":"product_cat","embeddable":true,"href":"https:\/\/bajorumesa.lt\/en\/wp-json\/wp\/v2\/product_cat?post=18565"},{"taxonomy":"product_tag","embeddable":true,"href":"https:\/\/bajorumesa.lt\/en\/wp-json\/wp\/v2\/product_tag?post=18565"}],"curies":[{"name":"wp","href":"https:\/\/api.w.org\/{rel}","templated":true}]}}