{"id":18561,"date":"2025-08-14T07:58:37","date_gmt":"2025-08-14T07:58:37","guid":{"rendered":"https:\/\/bajorumesa.lt\/?post_type=product&#038;p=18561"},"modified":"2025-10-28T12:37:56","modified_gmt":"2025-10-28T12:37:56","slug":"vyt-bajoru-kiaulienos-desreles","status":"publish","type":"product","link":"https:\/\/bajorumesa.lt\/en\/product\/vyt-bajoru-kiaulienos-desreles\/","title":{"rendered":"Vytintos Bajor\u0173 kiaulienos de\u0161rel\u0117s 1 kg."},"content":{"rendered":"<p><strong>Auk\u0161\u010diausia r\u016b\u0161is<\/strong><\/p>\n<p><strong>\u00a0<\/strong><\/p>\n<p>Sudedamosios dalys: kiauliena 96 %, maistin\u0117 druska, , juodieji pipirai, kvapieji pipirai, raudon\u0117liai, aitrioji paprika, konservantas nitritin\u0117 druska, rug\u0161tingum\u0105 reguliuoja med\u017eiaga E575, aromato skonio stipriklis E621, kvapiosios med\u017eiagos, antioksidatorius E301.<\/p>\n<p>Maistingumo deklaracija 100 g: Energin\u0117 vert\u0117 1099 kJ\/ 263 kcal, Riebalai 15,8 g, i\u0161 kuri\u0173 so\u010di\u0173j\u0173 riebal\u0173 r\u016bg\u0161\u010di\u0173 5,4 g, Angliavandeniai 0,3 g, i\u0161 kuri\u0173 cukr\u0173 0 g, Baltymai 30\u00a0 g, Druska 3 g.<\/p>\n<p>Laikymo s\u0105lygos:(0+6)\u00b0C Grynas kiekis:<\/p>","protected":false},"excerpt":{"rendered":"<p>Auk\u0161\u010diausia r\u016b\u0161is \u00a0 Sudedamosios dalys: kiauliena 96 %, maistin\u0117 druska, , juodieji pipirai, kvapieji pipirai, raudon\u0117liai, aitrioji paprika, konservantas nitritin\u0117 druska, rug\u0161tingum\u0105 reguliuoja med\u017eiaga E575, aromato skonio stipriklis E621, kvapiosios&hellip;<\/p>","protected":false},"featured_media":18480,"comment_status":"closed","ping_status":"closed","template":"","meta":[],"product_brand":[],"product_cat":[185],"product_tag":[],"class_list":{"0":"post-18561","1":"product","2":"type-product","3":"status-publish","4":"has-post-thumbnail","6":"product_cat-vytinta","8":"first","9":"outofstock","10":"shipping-taxable","11":"purchasable","12":"product-type-simple"},"_links":{"self":[{"href":"https:\/\/bajorumesa.lt\/en\/wp-json\/wp\/v2\/product\/18561","targetHints":{"allow":["GET"]}}],"collection":[{"href":"https:\/\/bajorumesa.lt\/en\/wp-json\/wp\/v2\/product"}],"about":[{"href":"https:\/\/bajorumesa.lt\/en\/wp-json\/wp\/v2\/types\/product"}],"replies":[{"embeddable":true,"href":"https:\/\/bajorumesa.lt\/en\/wp-json\/wp\/v2\/comments?post=18561"}],"wp:featuredmedia":[{"embeddable":true,"href":"https:\/\/bajorumesa.lt\/en\/wp-json\/wp\/v2\/media\/18480"}],"wp:attachment":[{"href":"https:\/\/bajorumesa.lt\/en\/wp-json\/wp\/v2\/media?parent=18561"}],"wp:term":[{"taxonomy":"product_brand","embeddable":true,"href":"https:\/\/bajorumesa.lt\/en\/wp-json\/wp\/v2\/product_brand?post=18561"},{"taxonomy":"product_cat","embeddable":true,"href":"https:\/\/bajorumesa.lt\/en\/wp-json\/wp\/v2\/product_cat?post=18561"},{"taxonomy":"product_tag","embeddable":true,"href":"https:\/\/bajorumesa.lt\/en\/wp-json\/wp\/v2\/product_tag?post=18561"}],"curies":[{"name":"wp","href":"https:\/\/api.w.org\/{rel}","templated":true}]}}