{"id":18560,"date":"2025-08-14T07:57:20","date_gmt":"2025-08-14T07:57:20","guid":{"rendered":"https:\/\/bajorumesa.lt\/?post_type=product&#038;p=18560"},"modified":"2025-10-28T12:36:47","modified_gmt":"2025-10-28T12:36:47","slug":"vyt-bajoru-jaut-desreles","status":"publish","type":"product","link":"https:\/\/bajorumesa.lt\/en\/product\/vyt-bajoru-jaut-desreles\/","title":{"rendered":"Vytintos Bajor\u0173 jaut. de\u0161rel\u0117s 1 kg."},"content":{"rendered":"<p><strong>Auk\u0161\u010diausia r\u016b\u0161is<\/strong><\/p>\n<p><strong>\u00a0<\/strong><\/p>\n<p>Sudedamosios dalys:jautiena 70% kiauliena 30 %, maistin\u0117 druska, nitritin\u0117 druska E250, r\u016bg\u0161tingum\u0105 reguliuojanti med\u017eiaga E 575, prieskoniai ( \u010desnakas, pipirai ir kt.) druska, kvapiosios med\u017eiagos, antioksidatorius E 301, juodieji pipirai, kvapieji pipirai, raudon\u0117liai, \u010desnakas.<\/p>\n<p><strong>\u00a0<\/strong><\/p>\n<p>Maistingumo deklaracija 100 g: Energin\u0117 vert\u0117 1432 kJ\/ 343 kcal, Riebalai 20,5 g, i\u0161 kuri\u0173 so\u010di\u0173j\u0173 riebal\u0173 r\u016bg\u0161\u010di\u0173 7 g, Angliavandeniai 0,6 g, i\u0161 kuri\u0173 cukr\u0173 0 g, Baltymai 39\u00a0 g, Druska 3,8 g.<\/p>\n<p>Laikymo s\u0105lygos:(0+15)\u00b0C<\/p>","protected":false},"excerpt":{"rendered":"<p>Auk\u0161\u010diausia r\u016b\u0161is \u00a0 Sudedamosios dalys:jautiena 70% kiauliena 30 %, maistin\u0117 druska, nitritin\u0117 druska E250, r\u016bg\u0161tingum\u0105 reguliuojanti med\u017eiaga E 575, prieskoniai ( \u010desnakas, pipirai ir kt.) druska, kvapiosios med\u017eiagos, antioksidatorius E&hellip;<\/p>","protected":false},"featured_media":18481,"comment_status":"closed","ping_status":"closed","template":"","meta":[],"product_brand":[],"product_cat":[185],"product_tag":[],"class_list":{"0":"post-18560","1":"product","2":"type-product","3":"status-publish","4":"has-post-thumbnail","6":"product_cat-vytinta","8":"first","9":"outofstock","10":"shipping-taxable","11":"purchasable","12":"product-type-simple"},"_links":{"self":[{"href":"https:\/\/bajorumesa.lt\/en\/wp-json\/wp\/v2\/product\/18560","targetHints":{"allow":["GET"]}}],"collection":[{"href":"https:\/\/bajorumesa.lt\/en\/wp-json\/wp\/v2\/product"}],"about":[{"href":"https:\/\/bajorumesa.lt\/en\/wp-json\/wp\/v2\/types\/product"}],"replies":[{"embeddable":true,"href":"https:\/\/bajorumesa.lt\/en\/wp-json\/wp\/v2\/comments?post=18560"}],"wp:featuredmedia":[{"embeddable":true,"href":"https:\/\/bajorumesa.lt\/en\/wp-json\/wp\/v2\/media\/18481"}],"wp:attachment":[{"href":"https:\/\/bajorumesa.lt\/en\/wp-json\/wp\/v2\/media?parent=18560"}],"wp:term":[{"taxonomy":"product_brand","embeddable":true,"href":"https:\/\/bajorumesa.lt\/en\/wp-json\/wp\/v2\/product_brand?post=18560"},{"taxonomy":"product_cat","embeddable":true,"href":"https:\/\/bajorumesa.lt\/en\/wp-json\/wp\/v2\/product_cat?post=18560"},{"taxonomy":"product_tag","embeddable":true,"href":"https:\/\/bajorumesa.lt\/en\/wp-json\/wp\/v2\/product_tag?post=18560"}],"curies":[{"name":"wp","href":"https:\/\/api.w.org\/{rel}","templated":true}]}}