{"id":18558,"date":"2025-08-14T07:55:27","date_gmt":"2025-08-14T07:55:27","guid":{"rendered":"https:\/\/bajorumesa.lt\/?post_type=product&#038;p=18558"},"modified":"2026-04-30T15:30:38","modified_gmt":"2026-04-30T15:30:38","slug":"vyt-kiaulienos-basturma","status":"publish","type":"product","link":"https:\/\/bajorumesa.lt\/en\/product\/vyt-kiaulienos-basturma\/","title":{"rendered":"Vytinta Kiaulienos basturma 1 kg."},"content":{"rendered":"<p><strong>Auk\u0161\u010diausia r\u016b\u0161is<\/strong><\/p>\n<p>&nbsp;<\/p>\n<p>Sudedamosios dalys: kiaulienos nugarin\u0117 96 %, maistin\u0117 druska,, juodieji pipirai, kvapieji pipirai, \u010desnakas,, malta kalendra, raudon\u0117li\u0173, malto mair\u016bno. konservantas nitritin\u0117 druska, \u010desnako kvapioji med\u017eiaga, maltodekstrinas, tir\u0161tikliai E413 , E414<\/p>\n<p>Maistingumo deklaracija 100 g: Energin\u0117 vert\u0117 743 kJ\/ 176 kcal, Riebalai 5,3 g, i\u0161 kuri\u0173 so\u010di\u0173j\u0173 riebal\u0173 r\u016bg\u0161\u010di\u0173 1,3 g, Angliavandeniai 0,7 g, i\u0161 kuri\u0173 cukr\u0173 0 g, Baltymai 31,5\u00a0 g, Druska 4,2 g.<\/p>\n<p>Laikymo s\u0105lygos:(0+15)\u00b0C<\/p>","protected":false},"excerpt":{"rendered":"<p>Auk\u0161\u010diausia r\u016b\u0161is &nbsp; Sudedamosios dalys: kiaulienos nugarin\u0117 96 %, maistin\u0117 druska,, juodieji pipirai, kvapieji pipirai, \u010desnakas,, malta kalendra, raudon\u0117li\u0173, malto mair\u016bno. konservantas nitritin\u0117 druska, \u010desnako kvapioji med\u017eiaga, maltodekstrinas, tir\u0161tikliai E413&hellip;<\/p>","protected":false},"featured_media":18477,"comment_status":"closed","ping_status":"closed","template":"","meta":[],"product_brand":[],"product_cat":[185],"product_tag":[],"class_list":{"0":"post-18558","1":"product","2":"type-product","3":"status-publish","4":"has-post-thumbnail","6":"product_cat-vytinta","8":"first","9":"instock","10":"sale","11":"shipping-taxable","12":"purchasable","13":"product-type-simple"},"_links":{"self":[{"href":"https:\/\/bajorumesa.lt\/en\/wp-json\/wp\/v2\/product\/18558","targetHints":{"allow":["GET"]}}],"collection":[{"href":"https:\/\/bajorumesa.lt\/en\/wp-json\/wp\/v2\/product"}],"about":[{"href":"https:\/\/bajorumesa.lt\/en\/wp-json\/wp\/v2\/types\/product"}],"replies":[{"embeddable":true,"href":"https:\/\/bajorumesa.lt\/en\/wp-json\/wp\/v2\/comments?post=18558"}],"wp:featuredmedia":[{"embeddable":true,"href":"https:\/\/bajorumesa.lt\/en\/wp-json\/wp\/v2\/media\/18477"}],"wp:attachment":[{"href":"https:\/\/bajorumesa.lt\/en\/wp-json\/wp\/v2\/media?parent=18558"}],"wp:term":[{"taxonomy":"product_brand","embeddable":true,"href":"https:\/\/bajorumesa.lt\/en\/wp-json\/wp\/v2\/product_brand?post=18558"},{"taxonomy":"product_cat","embeddable":true,"href":"https:\/\/bajorumesa.lt\/en\/wp-json\/wp\/v2\/product_cat?post=18558"},{"taxonomy":"product_tag","embeddable":true,"href":"https:\/\/bajorumesa.lt\/en\/wp-json\/wp\/v2\/product_tag?post=18558"}],"curies":[{"name":"wp","href":"https:\/\/api.w.org\/{rel}","templated":true}]}}