{"id":18557,"date":"2025-08-14T07:54:27","date_gmt":"2025-08-14T07:54:27","guid":{"rendered":"https:\/\/bajorumesa.lt\/?post_type=product&#038;p=18557"},"modified":"2025-10-09T07:56:15","modified_gmt":"2025-10-09T07:56:15","slug":"vyt-jautienos-basturma","status":"publish","type":"product","link":"https:\/\/bajorumesa.lt\/en\/product\/vyt-jautienos-basturma\/","title":{"rendered":"Vytinta Jautienos basturma 1 kg."},"content":{"rendered":"<p><strong>Auk\u0161\u010diausia r\u016b\u0161is<\/strong><\/p>\n<p>&nbsp;<\/p>\n<p>Sudedamosios dalys: jautienos nugarin\u0117 96 %, maistin\u0117 druska,, juodieji pipirai, kvapieji pipirai, \u010desnakas,, malta kalendra, raudon\u0117li\u0173, malto mair\u016bno. konservantas nitritin\u0117 druska, \u010desnako kvapioji med\u017eiaga, maltodekstrinas, tir\u0161tikliai E413 , E414<\/p>","protected":false},"excerpt":{"rendered":"<p>Auk\u0161\u010diausia r\u016b\u0161is &nbsp; Sudedamosios dalys: jautienos nugarin\u0117 96 %, maistin\u0117 druska,, juodieji pipirai, kvapieji pipirai, \u010desnakas,, malta kalendra, raudon\u0117li\u0173, malto mair\u016bno. konservantas nitritin\u0117 druska, \u010desnako kvapioji med\u017eiaga, maltodekstrinas, tir\u0161tikliai E413&hellip;<\/p>","protected":false},"featured_media":18160,"comment_status":"closed","ping_status":"closed","template":"","meta":[],"product_brand":[],"product_cat":[185],"product_tag":[],"class_list":{"0":"post-18557","1":"product","2":"type-product","3":"status-publish","4":"has-post-thumbnail","6":"product_cat-vytinta","8":"first","9":"instock","10":"shipping-taxable","11":"purchasable","12":"product-type-simple"},"_links":{"self":[{"href":"https:\/\/bajorumesa.lt\/en\/wp-json\/wp\/v2\/product\/18557","targetHints":{"allow":["GET"]}}],"collection":[{"href":"https:\/\/bajorumesa.lt\/en\/wp-json\/wp\/v2\/product"}],"about":[{"href":"https:\/\/bajorumesa.lt\/en\/wp-json\/wp\/v2\/types\/product"}],"replies":[{"embeddable":true,"href":"https:\/\/bajorumesa.lt\/en\/wp-json\/wp\/v2\/comments?post=18557"}],"wp:featuredmedia":[{"embeddable":true,"href":"https:\/\/bajorumesa.lt\/en\/wp-json\/wp\/v2\/media\/18160"}],"wp:attachment":[{"href":"https:\/\/bajorumesa.lt\/en\/wp-json\/wp\/v2\/media?parent=18557"}],"wp:term":[{"taxonomy":"product_brand","embeddable":true,"href":"https:\/\/bajorumesa.lt\/en\/wp-json\/wp\/v2\/product_brand?post=18557"},{"taxonomy":"product_cat","embeddable":true,"href":"https:\/\/bajorumesa.lt\/en\/wp-json\/wp\/v2\/product_cat?post=18557"},{"taxonomy":"product_tag","embeddable":true,"href":"https:\/\/bajorumesa.lt\/en\/wp-json\/wp\/v2\/product_tag?post=18557"}],"curies":[{"name":"wp","href":"https:\/\/api.w.org\/{rel}","templated":true}]}}