{"id":18554,"date":"2025-08-14T07:51:12","date_gmt":"2025-08-14T07:51:12","guid":{"rendered":"https:\/\/bajorumesa.lt\/?post_type=product&#038;p=18554"},"modified":"2026-04-30T15:34:16","modified_gmt":"2026-04-30T15:34:16","slug":"s-r-sonine","status":"publish","type":"product","link":"https:\/\/bajorumesa.lt\/en\/product\/s-r-sonine\/","title":{"rendered":"\u0160altai r\u016bkyta \u0160onin\u0117 1 kg."},"content":{"rendered":"<p><strong>Auk\u0161\u010diausia r\u016b\u0161is<\/strong><\/p>\n<p>Sudedamosios dalys: kiaulienos \u0161onin\u0117 96 %, maistin\u0117 druska, juodieji pipirai, kvapieji pipirai, aitrieji pipirai, kalendra, konservantas nitritin\u0117 druska E250.<\/p>\n<p>Maistingumo deklaracija 100 g: Energin\u0117 vert\u0117 2341 kJ\/ 568 kcal, Riebalai 59 g, i\u0161 kuri\u0173 so\u010di\u0173j\u0173 riebal\u0173 r\u016bg\u0161\u010di\u0173 17,2 g, Angliavandeniai 0,4 g, i\u0161 kuri\u0173 cukr\u0173 0 g, Baltymai 8,9\u00a0 g, Druska 3,3 g.<\/p>\n<p>Laikymo s\u0105lygos:(0+15)\u00b0C<\/p>","protected":false},"excerpt":{"rendered":"<p>Nat\u016bralaus, ilgo r\u016bkymo, su d\u016bmo skoniu ir puikia m\u0117sos strukt\u016bra. Mink\u0161ta, sultinga.<\/p>","protected":false},"featured_media":18077,"comment_status":"closed","ping_status":"closed","template":"","meta":[],"product_brand":[],"product_cat":[183],"product_tag":[],"class_list":{"0":"post-18554","1":"product","2":"type-product","3":"status-publish","4":"has-post-thumbnail","6":"product_cat-salto-rukymo","8":"first","9":"instock","10":"sale","11":"shipping-taxable","12":"purchasable","13":"product-type-simple"},"_links":{"self":[{"href":"https:\/\/bajorumesa.lt\/en\/wp-json\/wp\/v2\/product\/18554","targetHints":{"allow":["GET"]}}],"collection":[{"href":"https:\/\/bajorumesa.lt\/en\/wp-json\/wp\/v2\/product"}],"about":[{"href":"https:\/\/bajorumesa.lt\/en\/wp-json\/wp\/v2\/types\/product"}],"replies":[{"embeddable":true,"href":"https:\/\/bajorumesa.lt\/en\/wp-json\/wp\/v2\/comments?post=18554"}],"wp:featuredmedia":[{"embeddable":true,"href":"https:\/\/bajorumesa.lt\/en\/wp-json\/wp\/v2\/media\/18077"}],"wp:attachment":[{"href":"https:\/\/bajorumesa.lt\/en\/wp-json\/wp\/v2\/media?parent=18554"}],"wp:term":[{"taxonomy":"product_brand","embeddable":true,"href":"https:\/\/bajorumesa.lt\/en\/wp-json\/wp\/v2\/product_brand?post=18554"},{"taxonomy":"product_cat","embeddable":true,"href":"https:\/\/bajorumesa.lt\/en\/wp-json\/wp\/v2\/product_cat?post=18554"},{"taxonomy":"product_tag","embeddable":true,"href":"https:\/\/bajorumesa.lt\/en\/wp-json\/wp\/v2\/product_tag?post=18554"}],"curies":[{"name":"wp","href":"https:\/\/api.w.org\/{rel}","templated":true}]}}