{"id":18553,"date":"2025-08-14T07:50:09","date_gmt":"2025-08-14T07:50:09","guid":{"rendered":"https:\/\/bajorumesa.lt\/?post_type=product&#038;p=18553"},"modified":"2026-04-30T15:45:18","modified_gmt":"2026-04-30T15:45:18","slug":"s-r-nugarine","status":"publish","type":"product","link":"https:\/\/bajorumesa.lt\/en\/product\/s-r-nugarine\/","title":{"rendered":"\u0160altai r\u016bkyta  Nugarin\u0117 1 kg."},"content":{"rendered":"<p><strong>Auk\u0161\u010diausia r\u016b\u0161is <\/strong><\/p>\n<p>Sudedamosios dalys: kiaulienos nugarin\u0117 96 %, maistin\u0117 druska, juodieji pipirai, kvapieji pipirai, d\u017eiovinti raudon\u0117liai, \u010desnakas, malta kalendra.\u00a0 konservantas nitritin\u0117 druska E250<\/p>\n<p>Maistingumo deklaracija 100 g: Energin\u0117 vert\u0117 630 kJ\/ 150 kcal, Riebalai 4,3 g, i\u0161 kuri\u0173 so\u010di\u0173j\u0173 riebal\u0173 r\u016bg\u0161\u010di\u0173 1 g, Angliavandeniai 0,5 g, i\u0161 kuri\u0173 cukr\u0173 0 g, Baltymai 25,4\u00a0 g, Druska 3,4 g.<\/p>\n<p>Laikymo s\u0105lygos:(0+15)\u00b0C<\/p>","protected":false},"excerpt":{"rendered":"<p>Nepaliks ab\u0117jingo n\u0117 vieno, tvirtos tekst\u016bros, nat\u016bralaus r\u016bkymo, tikro lietuvi\u0161ko skonio gaminys. Tiks sumu\u0161tiniui ir bus puikus u\u017ekand\u017eio akcentas<\/p>","protected":false},"featured_media":18076,"comment_status":"closed","ping_status":"closed","template":"","meta":[],"product_brand":[],"product_cat":[183],"product_tag":[],"class_list":{"0":"post-18553","1":"product","2":"type-product","3":"status-publish","4":"has-post-thumbnail","6":"product_cat-salto-rukymo","8":"first","9":"instock","10":"sale","11":"shipping-taxable","12":"purchasable","13":"product-type-simple"},"_links":{"self":[{"href":"https:\/\/bajorumesa.lt\/en\/wp-json\/wp\/v2\/product\/18553","targetHints":{"allow":["GET"]}}],"collection":[{"href":"https:\/\/bajorumesa.lt\/en\/wp-json\/wp\/v2\/product"}],"about":[{"href":"https:\/\/bajorumesa.lt\/en\/wp-json\/wp\/v2\/types\/product"}],"replies":[{"embeddable":true,"href":"https:\/\/bajorumesa.lt\/en\/wp-json\/wp\/v2\/comments?post=18553"}],"wp:featuredmedia":[{"embeddable":true,"href":"https:\/\/bajorumesa.lt\/en\/wp-json\/wp\/v2\/media\/18076"}],"wp:attachment":[{"href":"https:\/\/bajorumesa.lt\/en\/wp-json\/wp\/v2\/media?parent=18553"}],"wp:term":[{"taxonomy":"product_brand","embeddable":true,"href":"https:\/\/bajorumesa.lt\/en\/wp-json\/wp\/v2\/product_brand?post=18553"},{"taxonomy":"product_cat","embeddable":true,"href":"https:\/\/bajorumesa.lt\/en\/wp-json\/wp\/v2\/product_cat?post=18553"},{"taxonomy":"product_tag","embeddable":true,"href":"https:\/\/bajorumesa.lt\/en\/wp-json\/wp\/v2\/product_tag?post=18553"}],"curies":[{"name":"wp","href":"https:\/\/api.w.org\/{rel}","templated":true}]}}