{"id":18551,"date":"2025-08-14T07:48:18","date_gmt":"2025-08-14T07:48:18","guid":{"rendered":"https:\/\/bajorumesa.lt\/?post_type=product&#038;p=18551"},"modified":"2025-11-25T07:00:37","modified_gmt":"2025-11-25T07:00:37","slug":"s-r-jautienos-desra-500-g","status":"publish","type":"product","link":"https:\/\/bajorumesa.lt\/en\/product\/s-r-jautienos-desra-500-g\/","title":{"rendered":"\u0160altai r\u016bkyta  Jautienos de\u0161ra  500 g."},"content":{"rendered":"<p><strong>Auk\u0161\u010diausia r\u016b\u0161is<\/strong><\/p>\n<p>Sudedamosios dalys: jautiena\u00a0 75 %, kiauliena 25% maistin\u0117 druska, juodieji pipirai, kvapieji pipirai, raudon\u0117liai, aitrioji paprika. Konservantas\u00a0 nitritin\u0117 druska E250<\/p>\n<p>Maistingumo deklaracija 100 g: Energin\u0117 vert\u0117 1099 kJ\/ 263 kcal, Riebalai 15,8 g, i\u0161 kuri\u0173 so\u010di\u0173j\u0173 riebal\u0173 r\u016bg\u0161\u010di\u0173 5,4 g, Angliavandeniai 0,3 g, i\u0161 kuri\u0173 cukr\u0173 0 g, Baltymai 30\u00a0 g, Druska 3 g.<\/p>\n<p><strong>Laikymo s\u0105lygos:(0+6)\u00b0C<\/strong><\/p>","protected":false},"excerpt":{"rendered":"<p>Alksnio d\u016bmo, kokybi\u0161kos, atrinktos jautienos, su tobulai tinkan\u010diais prieskoniais, tiks tiek pavai\u0161inti sve\u010diams, tiek pusry\u010diams sutepti sumu\u0161tiniui.<\/p>","protected":false},"featured_media":18193,"comment_status":"closed","ping_status":"closed","template":"","meta":[],"product_brand":[],"product_cat":[183],"product_tag":[],"class_list":{"0":"post-18551","1":"product","2":"type-product","3":"status-publish","4":"has-post-thumbnail","6":"product_cat-salto-rukymo","8":"first","9":"instock","10":"shipping-taxable","11":"purchasable","12":"product-type-simple"},"_links":{"self":[{"href":"https:\/\/bajorumesa.lt\/en\/wp-json\/wp\/v2\/product\/18551","targetHints":{"allow":["GET"]}}],"collection":[{"href":"https:\/\/bajorumesa.lt\/en\/wp-json\/wp\/v2\/product"}],"about":[{"href":"https:\/\/bajorumesa.lt\/en\/wp-json\/wp\/v2\/types\/product"}],"replies":[{"embeddable":true,"href":"https:\/\/bajorumesa.lt\/en\/wp-json\/wp\/v2\/comments?post=18551"}],"wp:featuredmedia":[{"embeddable":true,"href":"https:\/\/bajorumesa.lt\/en\/wp-json\/wp\/v2\/media\/18193"}],"wp:attachment":[{"href":"https:\/\/bajorumesa.lt\/en\/wp-json\/wp\/v2\/media?parent=18551"}],"wp:term":[{"taxonomy":"product_brand","embeddable":true,"href":"https:\/\/bajorumesa.lt\/en\/wp-json\/wp\/v2\/product_brand?post=18551"},{"taxonomy":"product_cat","embeddable":true,"href":"https:\/\/bajorumesa.lt\/en\/wp-json\/wp\/v2\/product_cat?post=18551"},{"taxonomy":"product_tag","embeddable":true,"href":"https:\/\/bajorumesa.lt\/en\/wp-json\/wp\/v2\/product_tag?post=18551"}],"curies":[{"name":"wp","href":"https:\/\/api.w.org\/{rel}","templated":true}]}}