{"id":18549,"date":"2025-08-14T07:45:51","date_gmt":"2025-08-14T07:45:51","guid":{"rendered":"https:\/\/bajorumesa.lt\/?post_type=product&#038;p=18549"},"modified":"2026-04-30T15:46:05","modified_gmt":"2026-04-30T15:46:05","slug":"s-r-kaimiski-lasiniai","status":"publish","type":"product","link":"https:\/\/bajorumesa.lt\/en\/product\/s-r-kaimiski-lasiniai\/","title":{"rendered":"\u0160altai r\u016bkyti Kaimi\u0161ki la\u0161iniai 1 kg."},"content":{"rendered":"<p><strong>Auk\u0161\u010diausia r\u016b\u0161is<\/strong><\/p>\n<p>Sudedamosios dalys: kiaulienos la\u0161iniai 90 %, maistin\u0117 druska, juodieji pipirai, \u010desnako granul\u0117s, kvapieji pipirai.<\/p>\n<p>Maistingumo deklaracija 100 g: Energin\u0117 vert\u0117 2603 kJ\/ 632 kcal, Riebalai 67 g, i\u0161 kuri\u0173 so\u010di\u0173j\u0173 riebal\u0173 r\u016bg\u0161\u010di\u0173 19 g, Angliavandeniai 0,3 g, i\u0161 kuri\u0173 cukr\u0173 0 g, Baltymai 7\u00a0 g, Druska 5,3 g.<\/p>\n<p>Laikymo s\u0105lygos:(0+15)\u00b0C<\/p>","protected":false},"excerpt":{"rendered":"<p>Nat\u016bralaus r\u016bkymo kaimi\u0161ki la\u0161iniai, svilinta oda, tod\u0117l yra \u012ftin mink\u0161ta ir puikiai susikramtanti. Vidutinio s\u016brumo, labai stori.<\/p>","protected":false},"featured_media":18425,"comment_status":"closed","ping_status":"closed","template":"","meta":[],"product_brand":[],"product_cat":[183],"product_tag":[],"class_list":{"0":"post-18549","1":"product","2":"type-product","3":"status-publish","4":"has-post-thumbnail","6":"product_cat-salto-rukymo","8":"first","9":"instock","10":"sale","11":"shipping-taxable","12":"purchasable","13":"product-type-simple"},"_links":{"self":[{"href":"https:\/\/bajorumesa.lt\/en\/wp-json\/wp\/v2\/product\/18549","targetHints":{"allow":["GET"]}}],"collection":[{"href":"https:\/\/bajorumesa.lt\/en\/wp-json\/wp\/v2\/product"}],"about":[{"href":"https:\/\/bajorumesa.lt\/en\/wp-json\/wp\/v2\/types\/product"}],"replies":[{"embeddable":true,"href":"https:\/\/bajorumesa.lt\/en\/wp-json\/wp\/v2\/comments?post=18549"}],"wp:featuredmedia":[{"embeddable":true,"href":"https:\/\/bajorumesa.lt\/en\/wp-json\/wp\/v2\/media\/18425"}],"wp:attachment":[{"href":"https:\/\/bajorumesa.lt\/en\/wp-json\/wp\/v2\/media?parent=18549"}],"wp:term":[{"taxonomy":"product_brand","embeddable":true,"href":"https:\/\/bajorumesa.lt\/en\/wp-json\/wp\/v2\/product_brand?post=18549"},{"taxonomy":"product_cat","embeddable":true,"href":"https:\/\/bajorumesa.lt\/en\/wp-json\/wp\/v2\/product_cat?post=18549"},{"taxonomy":"product_tag","embeddable":true,"href":"https:\/\/bajorumesa.lt\/en\/wp-json\/wp\/v2\/product_tag?post=18549"}],"curies":[{"name":"wp","href":"https:\/\/api.w.org\/{rel}","templated":true}]}}