{"id":18547,"date":"2025-07-31T07:34:55","date_gmt":"2025-07-31T07:34:55","guid":{"rendered":"https:\/\/bajorumesa.lt\/?post_type=product&#038;p=18547"},"modified":"2025-10-09T07:52:35","modified_gmt":"2025-10-09T07:52:35","slug":"karsto-rukymo-sonine-1-kg","status":"publish","type":"product","link":"https:\/\/bajorumesa.lt\/en\/product\/karsto-rukymo-sonine-1-kg\/","title":{"rendered":"Kar\u0161tai r\u016bkyta \u0161onin\u0117 1 kg."},"content":{"rendered":"<p><strong>Auk\u0161\u010diausia r\u016b\u0161is<\/strong><\/p>\n<p><strong>\u00a0<\/strong><\/p>\n<p>Sudedamosios dalys: kiaulienos \u0161onin\u0117 96 %, maistin\u0117 druska,, juodieji pipirai, kvapieji pipirai, aitrieji pipirai, kalendra. Konservantas nitritin\u0117 druska E250<\/p>\n<p>Maistingumo deklaracija 100 g: Energin\u0117 vert\u0117 2967 kJ\/ 720 kcal, Riebalai 74,7 g, i\u0161 kuri\u0173 so\u010di\u0173j\u0173 riebal\u0173 r\u016bg\u0161\u010di\u0173 21,7 g, Angliavandeniai 0,5 g, i\u0161 kuri\u0173 cukr\u0173 0 g, Baltymai 11,2\u00a0 g, Druska 4,2 g.<\/p>\n<p>Laikymo s\u0105lygos:(0+6)\u00b0C<\/p>","protected":false},"excerpt":{"rendered":"<p>Kvepianti kadagiais, nat\u016braliai r\u016bkyta kiaulienos \u0161onin\u0117. Mink\u0161ta odel\u0117, puikiai susikramtanti.<\/p>","protected":false},"featured_media":18393,"comment_status":"closed","ping_status":"closed","template":"","meta":[],"product_brand":[],"product_cat":[182],"product_tag":[],"class_list":{"0":"post-18547","1":"product","2":"type-product","3":"status-publish","4":"has-post-thumbnail","6":"product_cat-karsto-rukymo","8":"first","9":"instock","10":"shipping-taxable","11":"purchasable","12":"product-type-simple"},"_links":{"self":[{"href":"https:\/\/bajorumesa.lt\/en\/wp-json\/wp\/v2\/product\/18547","targetHints":{"allow":["GET"]}}],"collection":[{"href":"https:\/\/bajorumesa.lt\/en\/wp-json\/wp\/v2\/product"}],"about":[{"href":"https:\/\/bajorumesa.lt\/en\/wp-json\/wp\/v2\/types\/product"}],"replies":[{"embeddable":true,"href":"https:\/\/bajorumesa.lt\/en\/wp-json\/wp\/v2\/comments?post=18547"}],"wp:featuredmedia":[{"embeddable":true,"href":"https:\/\/bajorumesa.lt\/en\/wp-json\/wp\/v2\/media\/18393"}],"wp:attachment":[{"href":"https:\/\/bajorumesa.lt\/en\/wp-json\/wp\/v2\/media?parent=18547"}],"wp:term":[{"taxonomy":"product_brand","embeddable":true,"href":"https:\/\/bajorumesa.lt\/en\/wp-json\/wp\/v2\/product_brand?post=18547"},{"taxonomy":"product_cat","embeddable":true,"href":"https:\/\/bajorumesa.lt\/en\/wp-json\/wp\/v2\/product_cat?post=18547"},{"taxonomy":"product_tag","embeddable":true,"href":"https:\/\/bajorumesa.lt\/en\/wp-json\/wp\/v2\/product_tag?post=18547"}],"curies":[{"name":"wp","href":"https:\/\/api.w.org\/{rel}","templated":true}]}}