{"id":18544,"date":"2025-07-31T07:29:12","date_gmt":"2025-07-31T07:29:12","guid":{"rendered":"https:\/\/bajorumesa.lt\/?post_type=product&#038;p=18544"},"modified":"2025-12-15T13:48:26","modified_gmt":"2025-12-15T13:48:26","slug":"karsto-namine-desra-500-g","status":"publish","type":"product","link":"https:\/\/bajorumesa.lt\/en\/product\/karsto-namine-desra-500-g\/","title":{"rendered":"Kar\u0161tai r\u016bkyta Namin\u0117 de\u0161ra  500 g."},"content":{"rendered":"<p><strong>Auk\u0161\u010diausia r\u016b\u0161is<\/strong><\/p>\n<p>Sudedamosios dalys: kiauliena 96 %, maistin\u0117 druska, juodieji pipirai, kvapieji pipirai, raudon\u0117liai, aitrioji paprika,\u00a0 nitritin\u0117 druska E250.<\/p>\n<p>Maistingumo deklaracija 100 g: Energin\u0117 vert\u0117 1099 kJ\/ 263 kcal, Riebalai 15,8 g, i\u0161 kuri\u0173 so\u010di\u0173j\u0173 riebal\u0173 r\u016bg\u0161\u010di\u0173 5,4 g, Angliavandeniai 0,3 g, i\u0161 kuri\u0173 cukr\u0173 0 g, Baltymai 30\u00a0 g, Druska 3 g.<\/p>\n<p>Laikymo s\u0105lygos:(0+6)\u00b0C 13.98kg<\/p>","protected":false},"excerpt":{"rendered":"<p>Alksnio malkomis r\u016bkyta naminio, kaimi\u0161ko skonio de\u0161ra, be kremzli\u0173.<\/p>","protected":false},"featured_media":18390,"comment_status":"closed","ping_status":"closed","template":"","meta":[],"product_brand":[],"product_cat":[182],"product_tag":[],"class_list":{"0":"post-18544","1":"product","2":"type-product","3":"status-publish","4":"has-post-thumbnail","6":"product_cat-karsto-rukymo","8":"first","9":"instock","10":"shipping-taxable","11":"purchasable","12":"product-type-simple"},"_links":{"self":[{"href":"https:\/\/bajorumesa.lt\/en\/wp-json\/wp\/v2\/product\/18544","targetHints":{"allow":["GET"]}}],"collection":[{"href":"https:\/\/bajorumesa.lt\/en\/wp-json\/wp\/v2\/product"}],"about":[{"href":"https:\/\/bajorumesa.lt\/en\/wp-json\/wp\/v2\/types\/product"}],"replies":[{"embeddable":true,"href":"https:\/\/bajorumesa.lt\/en\/wp-json\/wp\/v2\/comments?post=18544"}],"wp:featuredmedia":[{"embeddable":true,"href":"https:\/\/bajorumesa.lt\/en\/wp-json\/wp\/v2\/media\/18390"}],"wp:attachment":[{"href":"https:\/\/bajorumesa.lt\/en\/wp-json\/wp\/v2\/media?parent=18544"}],"wp:term":[{"taxonomy":"product_brand","embeddable":true,"href":"https:\/\/bajorumesa.lt\/en\/wp-json\/wp\/v2\/product_brand?post=18544"},{"taxonomy":"product_cat","embeddable":true,"href":"https:\/\/bajorumesa.lt\/en\/wp-json\/wp\/v2\/product_cat?post=18544"},{"taxonomy":"product_tag","embeddable":true,"href":"https:\/\/bajorumesa.lt\/en\/wp-json\/wp\/v2\/product_tag?post=18544"}],"curies":[{"name":"wp","href":"https:\/\/api.w.org\/{rel}","templated":true}]}}