{"id":18543,"date":"2025-07-31T07:27:52","date_gmt":"2025-07-31T07:27:52","guid":{"rendered":"https:\/\/bajorumesa.lt\/?post_type=product&#038;p=18543"},"modified":"2025-10-09T07:53:11","modified_gmt":"2025-10-09T07:53:11","slug":"k-r-kumpis","status":"publish","type":"product","link":"https:\/\/bajorumesa.lt\/en\/product\/k-r-kumpis\/","title":{"rendered":"Kar\u0161tai r\u016bkytas kumpis, 1 kg."},"content":{"rendered":"<table width=\"642\">\n<tbody>\n<tr>\n<td width=\"160\"><strong>Kar\u0161tai r\u016bkytas kumpis<\/strong><\/p>\n<p><strong>\u00a0<\/strong><\/p>\n<p><strong>Auk\u0161\u010diausia r\u016b\u0161is <\/strong><\/p>\n<p>Sudedamosios dalys: kiaulienos kumpis 96 %, maistin\u0117 druska, konservantas nitritin\u0117 druska E250, juodieji pipirai, kvapieji pipirai, d\u017eiovinti raudon\u0117liai, \u010desnakas, malta kalendra.<\/p>\n<p>Maistingumo deklaracija 100 g: Energin\u0117 vert\u0117 649 kJ\/ 154 kcal, Riebalai 4,6 g, i\u0161 kuri\u0173 so\u010di\u0173j\u0173 riebal\u0173 r\u016bg\u0161\u010di\u0173 1,1 g, Angliavandeniai 0,6 g, i\u0161 kuri\u0173 cukr\u0173 0 g, Baltymai 27,5\u00a0 g, Druska 3,7 g.<\/p>\n<p>Laikymo s\u0105lygos:(0+6)\u00b0C<\/td>\n<\/tr>\n<\/tbody>\n<\/table>","protected":false},"excerpt":{"rendered":"<p>Alksnio malkomis r\u016bkytas kiaulienos kumpis su mink\u0161ta oda, lengvai susikramtantis, n\u0117ra t\u0105sus.<\/p>","protected":false},"featured_media":18389,"comment_status":"closed","ping_status":"closed","template":"","meta":[],"product_brand":[],"product_cat":[182],"product_tag":[],"class_list":{"0":"post-18543","1":"product","2":"type-product","3":"status-publish","4":"has-post-thumbnail","6":"product_cat-karsto-rukymo","8":"first","9":"instock","10":"shipping-taxable","11":"purchasable","12":"product-type-simple"},"_links":{"self":[{"href":"https:\/\/bajorumesa.lt\/en\/wp-json\/wp\/v2\/product\/18543","targetHints":{"allow":["GET"]}}],"collection":[{"href":"https:\/\/bajorumesa.lt\/en\/wp-json\/wp\/v2\/product"}],"about":[{"href":"https:\/\/bajorumesa.lt\/en\/wp-json\/wp\/v2\/types\/product"}],"replies":[{"embeddable":true,"href":"https:\/\/bajorumesa.lt\/en\/wp-json\/wp\/v2\/comments?post=18543"}],"wp:featuredmedia":[{"embeddable":true,"href":"https:\/\/bajorumesa.lt\/en\/wp-json\/wp\/v2\/media\/18389"}],"wp:attachment":[{"href":"https:\/\/bajorumesa.lt\/en\/wp-json\/wp\/v2\/media?parent=18543"}],"wp:term":[{"taxonomy":"product_brand","embeddable":true,"href":"https:\/\/bajorumesa.lt\/en\/wp-json\/wp\/v2\/product_brand?post=18543"},{"taxonomy":"product_cat","embeddable":true,"href":"https:\/\/bajorumesa.lt\/en\/wp-json\/wp\/v2\/product_cat?post=18543"},{"taxonomy":"product_tag","embeddable":true,"href":"https:\/\/bajorumesa.lt\/en\/wp-json\/wp\/v2\/product_tag?post=18543"}],"curies":[{"name":"wp","href":"https:\/\/api.w.org\/{rel}","templated":true}]}}