{"id":18534,"date":"2025-05-14T12:55:12","date_gmt":"2025-05-14T12:55:12","guid":{"rendered":"https:\/\/bajorumesa.lt\/krepselis\/"},"modified":"2025-09-29T11:07:03","modified_gmt":"2025-09-29T11:07:03","slug":"krepselis","status":"publish","type":"page","link":"https:\/\/bajorumesa.lt\/en\/krepselis\/","title":{"rendered":"Krep\u0161elis"},"content":{"rendered":"<div data-block-name=\"woocommerce\/cart\" class=\"wp-block-woocommerce-cart alignwide is-loading\">\n<div data-block-name=\"woocommerce\/filled-cart-block\" class=\"wp-block-woocommerce-filled-cart-block\">\n<div data-block-name=\"woocommerce\/cart-items-block\" class=\"wp-block-woocommerce-cart-items-block\">\n<div data-block-name=\"woocommerce\/cart-line-items-block\" class=\"wp-block-woocommerce-cart-line-items-block\"><\/div>\n\n\n\n<div data-block-name=\"woocommerce\/cart-cross-sells-block\" class=\"wp-block-woocommerce-cart-cross-sells-block\">\n<h2 class=\"wp-block-heading has-large-font-size\">You may be interested in\u2026<\/h2>\n\n\n\n<div data-block-name=\"woocommerce\/cart-cross-sells-products-block\" class=\"wp-block-woocommerce-cart-cross-sells-products-block\"><\/div>\n<\/div>\n<\/div>\n\n\n\n<div data-block-name=\"woocommerce\/cart-totals-block\" class=\"wp-block-woocommerce-cart-totals-block\">\n<div data-block-name=\"woocommerce\/cart-order-summary-block\" class=\"wp-block-woocommerce-cart-order-summary-block\">\n<div data-block-name=\"woocommerce\/cart-order-summary-heading-block\" class=\"wp-block-woocommerce-cart-order-summary-heading-block\"><\/div><div data-block-name=\"woocommerce\/cart-order-summary-coupon-form-block\" class=\"wp-block-woocommerce-cart-order-summary-coupon-form-block\"><\/div><div data-block-name=\"woocommerce\/cart-order-summary-totals-block\" class=\"wp-block-woocommerce-cart-order-summary-totals-block\">\n<div data-block-name=\"woocommerce\/cart-order-summary-subtotal-block\" class=\"wp-block-woocommerce-cart-order-summary-subtotal-block\"><\/div>\n<div data-block-name=\"woocommerce\/cart-order-summary-discount-block\" class=\"wp-block-woocommerce-cart-order-summary-discount-block\"><\/div>\n<div data-block-name=\"woocommerce\/cart-order-summary-fee-block\" class=\"wp-block-woocommerce-cart-order-summary-fee-block\"><\/div>\n<div data-block-name=\"woocommerce\/cart-order-summary-shipping-block\" class=\"wp-block-woocommerce-cart-order-summary-shipping-block\"><\/div>\n<div data-block-name=\"woocommerce\/cart-order-summary-taxes-block\" class=\"wp-block-woocommerce-cart-order-summary-taxes-block\"><\/div><\/div>\n<\/div>\n\n\n\n<div data-block-name=\"woocommerce\/cart-express-payment-block\" class=\"wp-block-woocommerce-cart-express-payment-block\"><\/div>\n\n\n\n<div data-block-name=\"woocommerce\/proceed-to-checkout-block\" class=\"wp-block-woocommerce-proceed-to-checkout-block\"><\/div>\n\n\n\n<div data-block-name=\"woocommerce\/cart-accepted-payment-methods-block\" class=\"wp-block-woocommerce-cart-accepted-payment-methods-block\"><\/div>\n<\/div>\n<\/div>\n\n\n\n<div data-block-name=\"woocommerce\/empty-cart-block\" class=\"wp-block-woocommerce-empty-cart-block\">\n<h2 class=\"wp-block-heading has-text-align-center with-empty-cart-icon wc-block-cart__empty-cart__title\">J\u016bs\u0173 krep\u0161elis kol kas tu\u0161\u010dias.<\/h2>\n\n\n\n<hr class=\"wp-block-separator has-alpha-channel-opacity is-style-dots\"\/>\n\n\n\n<h2 class=\"wp-block-heading has-text-align-center\">Naujausi produktai<\/h2>\n\n\n<div data-block-name=\"woocommerce\/product-new\" data-columns=\"4\" data-rows=\"1\" class=\"wc-block-grid wp-block-product-new wp-block-woocommerce-product-new wc-block-product-new has-4-columns\"><ul class=\"wc-block-grid__products\"><li class=\"wc-block-grid__product\">\n\t\t\t\t<a href=\"https:\/\/bajorumesa.lt\/en\/product\/sudyta-nugarines-file-1-kg\/\" class=\"wc-block-grid__product-link\">\n\t\t\t\t\t\n\t\t\t\t\t<div class=\"wc-block-grid__product-image\"><img fetchpriority=\"high\" decoding=\"async\" width=\"600\" height=\"600\" src=\"https:\/\/bajorumesa.lt\/wp-content\/uploads\/2025\/10\/File-600x600.webp\" class=\"attachment-woocommerce_thumbnail size-woocommerce_thumbnail\" alt=\"S\u016bdyta nugarin\u0117s fil\u0117 1 kg\" srcset=\"https:\/\/bajorumesa.lt\/wp-content\/uploads\/2025\/10\/File-600x600.webp 600w, https:\/\/bajorumesa.lt\/wp-content\/uploads\/2025\/10\/File-300x300.webp 300w, https:\/\/bajorumesa.lt\/wp-content\/uploads\/2025\/10\/File-1024x1024.webp 1024w, https:\/\/bajorumesa.lt\/wp-content\/uploads\/2025\/10\/File-150x150.webp 150w, https:\/\/bajorumesa.lt\/wp-content\/uploads\/2025\/10\/File-768x768.webp 768w, https:\/\/bajorumesa.lt\/wp-content\/uploads\/2025\/10\/File-1536x1536.webp 1536w, https:\/\/bajorumesa.lt\/wp-content\/uploads\/2025\/10\/File-2048x2048.webp 2048w, https:\/\/bajorumesa.lt\/wp-content\/uploads\/2025\/10\/File-12x12.webp 12w, https:\/\/bajorumesa.lt\/wp-content\/uploads\/2025\/10\/File-370x370.webp 370w, https:\/\/bajorumesa.lt\/wp-content\/uploads\/2025\/10\/File-120x120.webp 120w, https:\/\/bajorumesa.lt\/wp-content\/uploads\/2025\/10\/File-840x840.webp 840w, https:\/\/bajorumesa.lt\/wp-content\/uploads\/2025\/10\/File-410x410.webp 410w\" sizes=\"(max-width: 600px) 100vw, 600px\" \/><\/div>\n\t\t\t\t\t<div class=\"wc-block-grid__product-title\">S\u016bdyta nugarin\u0117s fil\u0117 1 kg<\/div>\n\t\t\t\t<\/a>\n\t\t\t\t<div class=\"wc-block-grid__product-price price\"><span class=\"woocommerce-Price-amount amount\"><span class=\"woocommerce-Price-currencySymbol\">&euro;<\/span>10.50<\/span><\/div>\n\t\t\t\t\n\t\t\t\t<div class=\"wp-block-button wc-block-grid__product-add-to-cart\"><a href=\"\/en\/wp-json\/wp\/v2\/pages\/18534?add-to-cart=18633\" aria-label=\"Add to cart: \u201cS\u016bdyta nugarin\u0117s fil\u0117 1 kg\u201d\" data-quantity=\"1\" data-product_id=\"18633\" data-product_sku=\"\" data-price=\"10.5\" rel=\"nofollow\" class=\"wp-block-button__link  add_to_cart_button ajax_add_to_cart\" data-no-translation=\"\" data-trp-gettext=\"\" data-no-translation-aria-label=\"\">Add to cart<\/a><\/div>\n\t\t\t<\/li><li class=\"wc-block-grid__product\">\n\t\t\t\t<a href=\"https:\/\/bajorumesa.lt\/en\/product\/sudyti-naminiai-lasiniai-1-kg\/\" class=\"wc-block-grid__product-link\">\n\t\t\t\t\t\n\t\t\t\t\t<div class=\"wc-block-grid__product-image\"><img decoding=\"async\" width=\"600\" height=\"600\" src=\"https:\/\/bajorumesa.lt\/wp-content\/uploads\/2025\/10\/Sud_-600x600.webp\" class=\"attachment-woocommerce_thumbnail size-woocommerce_thumbnail\" alt=\"S\u016bdyti naminiai la\u0161iniai 1 kg\" srcset=\"https:\/\/bajorumesa.lt\/wp-content\/uploads\/2025\/10\/Sud_-600x600.webp 600w, https:\/\/bajorumesa.lt\/wp-content\/uploads\/2025\/10\/Sud_-300x300.webp 300w, https:\/\/bajorumesa.lt\/wp-content\/uploads\/2025\/10\/Sud_-1024x1024.webp 1024w, https:\/\/bajorumesa.lt\/wp-content\/uploads\/2025\/10\/Sud_-150x150.webp 150w, https:\/\/bajorumesa.lt\/wp-content\/uploads\/2025\/10\/Sud_-768x768.webp 768w, https:\/\/bajorumesa.lt\/wp-content\/uploads\/2025\/10\/Sud_-1536x1536.webp 1536w, https:\/\/bajorumesa.lt\/wp-content\/uploads\/2025\/10\/Sud_-2048x2048.webp 2048w, https:\/\/bajorumesa.lt\/wp-content\/uploads\/2025\/10\/Sud_-12x12.webp 12w, https:\/\/bajorumesa.lt\/wp-content\/uploads\/2025\/10\/Sud_-370x370.webp 370w, https:\/\/bajorumesa.lt\/wp-content\/uploads\/2025\/10\/Sud_-120x120.webp 120w, https:\/\/bajorumesa.lt\/wp-content\/uploads\/2025\/10\/Sud_-840x840.webp 840w, https:\/\/bajorumesa.lt\/wp-content\/uploads\/2025\/10\/Sud_-410x410.webp 410w\" sizes=\"(max-width: 600px) 100vw, 600px\" \/><\/div>\n\t\t\t\t\t<div class=\"wc-block-grid__product-title\">S\u016bdyti naminiai la\u0161iniai 1 kg<\/div>\n\t\t\t\t<\/a>\n\t\t\t\t<div class=\"wc-block-grid__product-price price\"><span class=\"woocommerce-Price-amount amount\"><span class=\"woocommerce-Price-currencySymbol\">&euro;<\/span>9.80<\/span><\/div>\n\t\t\t\t\n\t\t\t\t<div class=\"wp-block-button wc-block-grid__product-add-to-cart\"><a href=\"\/en\/wp-json\/wp\/v2\/pages\/18534?add-to-cart=18632\" aria-label=\"Add to cart: \u201cS\u016bdyti naminiai la\u0161iniai 1 kg\u201d\" data-quantity=\"1\" data-product_id=\"18632\" data-product_sku=\"\" data-price=\"9.8\" rel=\"nofollow\" class=\"wp-block-button__link  add_to_cart_button ajax_add_to_cart\" data-no-translation=\"\" data-trp-gettext=\"\" data-no-translation-aria-label=\"\">Add to cart<\/a><\/div>\n\t\t\t<\/li><li class=\"wc-block-grid__product\">\n\t\t\t\t<a href=\"https:\/\/bajorumesa.lt\/en\/product\/sudyti-naminiai-su-juostele-lasiniai-1-kg\/\" class=\"wc-block-grid__product-link\">\n\t\t\t\t\t\n\t\t\t\t\t<div class=\"wc-block-grid__product-image\"><img decoding=\"async\" width=\"600\" height=\"600\" src=\"https:\/\/bajorumesa.lt\/wp-content\/uploads\/2025\/10\/Sudyti-2-600x600.webp\" class=\"attachment-woocommerce_thumbnail size-woocommerce_thumbnail\" alt=\"S\u016bdyti naminiai su juostele la\u0161iniai 1 kg\" srcset=\"https:\/\/bajorumesa.lt\/wp-content\/uploads\/2025\/10\/Sudyti-2-600x600.webp 600w, https:\/\/bajorumesa.lt\/wp-content\/uploads\/2025\/10\/Sudyti-2-300x300.webp 300w, https:\/\/bajorumesa.lt\/wp-content\/uploads\/2025\/10\/Sudyti-2-1024x1024.webp 1024w, https:\/\/bajorumesa.lt\/wp-content\/uploads\/2025\/10\/Sudyti-2-150x150.webp 150w, https:\/\/bajorumesa.lt\/wp-content\/uploads\/2025\/10\/Sudyti-2-768x768.webp 768w, https:\/\/bajorumesa.lt\/wp-content\/uploads\/2025\/10\/Sudyti-2-1536x1536.webp 1536w, https:\/\/bajorumesa.lt\/wp-content\/uploads\/2025\/10\/Sudyti-2-2048x2048.webp 2048w, https:\/\/bajorumesa.lt\/wp-content\/uploads\/2025\/10\/Sudyti-2-12x12.webp 12w, https:\/\/bajorumesa.lt\/wp-content\/uploads\/2025\/10\/Sudyti-2-370x370.webp 370w, https:\/\/bajorumesa.lt\/wp-content\/uploads\/2025\/10\/Sudyti-2-120x120.webp 120w, https:\/\/bajorumesa.lt\/wp-content\/uploads\/2025\/10\/Sudyti-2-840x840.webp 840w, https:\/\/bajorumesa.lt\/wp-content\/uploads\/2025\/10\/Sudyti-2-410x410.webp 410w\" sizes=\"(max-width: 600px) 100vw, 600px\" \/><\/div>\n\t\t\t\t\t<div class=\"wc-block-grid__product-title\">S\u016bdyti naminiai su juostele la\u0161iniai 1 kg<\/div>\n\t\t\t\t<\/a>\n\t\t\t\t<div class=\"wc-block-grid__product-price price\"><span class=\"woocommerce-Price-amount amount\"><span class=\"woocommerce-Price-currencySymbol\">&euro;<\/span>9.80<\/span><\/div>\n\t\t\t\t\n\t\t\t\t<div class=\"wp-block-button wc-block-grid__product-add-to-cart\"><a href=\"\/en\/wp-json\/wp\/v2\/pages\/18534?add-to-cart=18631\" aria-label=\"Add to cart: \u201cS\u016bdyti naminiai su juostele la\u0161iniai 1 kg\u201d\" data-quantity=\"1\" data-product_id=\"18631\" data-product_sku=\"\" data-price=\"9.8\" rel=\"nofollow\" class=\"wp-block-button__link  add_to_cart_button ajax_add_to_cart\" data-no-translation=\"\" data-trp-gettext=\"\" data-no-translation-aria-label=\"\">Add to cart<\/a><\/div>\n\t\t\t<\/li><li class=\"wc-block-grid__product\">\n\t\t\t\t<a href=\"https:\/\/bajorumesa.lt\/en\/product\/sudyti-kaimiski-lasiniai-1-kg\/\" class=\"wc-block-grid__product-link\">\n\t\t\t\t\t\n\t\t\t\t\t<div class=\"wc-block-grid__product-image\"><img loading=\"lazy\" decoding=\"async\" width=\"600\" height=\"600\" src=\"https:\/\/bajorumesa.lt\/wp-content\/uploads\/2025\/02\/Sudyti-Kaimiski-lasiniai-scaled-600x600.webp\" class=\"attachment-woocommerce_thumbnail size-woocommerce_thumbnail\" alt=\"S\u016bdyti kaimi\u0161ki la\u0161iniai  1 kg\" srcset=\"https:\/\/bajorumesa.lt\/wp-content\/uploads\/2025\/02\/Sudyti-Kaimiski-lasiniai-scaled-600x600.webp 600w, https:\/\/bajorumesa.lt\/wp-content\/uploads\/2025\/02\/Sudyti-Kaimiski-lasiniai-150x150.webp 150w, https:\/\/bajorumesa.lt\/wp-content\/uploads\/2025\/02\/Sudyti-Kaimiski-lasiniai-120x120.webp 120w, https:\/\/bajorumesa.lt\/wp-content\/uploads\/2025\/02\/Sudyti-Kaimiski-lasiniai-370x370.webp 370w\" sizes=\"(max-width: 600px) 100vw, 600px\" \/><\/div>\n\t\t\t\t\t<div class=\"wc-block-grid__product-title\">S\u016bdyti kaimi\u0161ki la\u0161iniai  1 kg<\/div>\n\t\t\t\t<\/a>\n\t\t\t\t<div class=\"wc-block-grid__product-price price\"><span class=\"woocommerce-Price-amount amount\"><span class=\"woocommerce-Price-currencySymbol\">&euro;<\/span>9.80<\/span><\/div>\n\t\t\t\t\n\t\t\t\t<div class=\"wp-block-button wc-block-grid__product-add-to-cart\"><a href=\"\/en\/wp-json\/wp\/v2\/pages\/18534?add-to-cart=18630\" aria-label=\"Add to cart: \u201cS\u016bdyti kaimi\u0161ki la\u0161iniai  1 kg\u201d\" data-quantity=\"1\" data-product_id=\"18630\" data-product_sku=\"\" data-price=\"9.8\" rel=\"nofollow\" class=\"wp-block-button__link  add_to_cart_button ajax_add_to_cart\" data-no-translation=\"\" data-trp-gettext=\"\" data-no-translation-aria-label=\"\">Add to cart<\/a><\/div>\n\t\t\t<\/li><\/ul><\/div><\/div>\n<\/div>","protected":false},"excerpt":{"rendered":"","protected":false},"author":1,"featured_media":0,"parent":0,"menu_order":0,"comment_status":"closed","ping_status":"closed","template":"","meta":{"footnotes":""},"class_list":["post-18534","page","type-page","status-publish","hentry"],"_links":{"self":[{"href":"https:\/\/bajorumesa.lt\/en\/wp-json\/wp\/v2\/pages\/18534","targetHints":{"allow":["GET"]}}],"collection":[{"href":"https:\/\/bajorumesa.lt\/en\/wp-json\/wp\/v2\/pages"}],"about":[{"href":"https:\/\/bajorumesa.lt\/en\/wp-json\/wp\/v2\/types\/page"}],"author":[{"embeddable":true,"href":"https:\/\/bajorumesa.lt\/en\/wp-json\/wp\/v2\/users\/1"}],"replies":[{"embeddable":true,"href":"https:\/\/bajorumesa.lt\/en\/wp-json\/wp\/v2\/comments?post=18534"}],"version-history":[{"count":1,"href":"https:\/\/bajorumesa.lt\/en\/wp-json\/wp\/v2\/pages\/18534\/revisions"}],"predecessor-version":[{"id":18582,"href":"https:\/\/bajorumesa.lt\/en\/wp-json\/wp\/v2\/pages\/18534\/revisions\/18582"}],"wp:attachment":[{"href":"https:\/\/bajorumesa.lt\/en\/wp-json\/wp\/v2\/media?parent=18534"}],"curies":[{"name":"wp","href":"https:\/\/api.w.org\/{rel}","templated":true}]}}